{"id":528,"date":"2021-05-10T12:47:55","date_gmt":"2021-05-10T12:47:55","guid":{"rendered":"https:\/\/verticeconsultoria.com.br\/?page_id=528"},"modified":"2023-07-24T22:14:19","modified_gmt":"2023-07-24T22:14:19","slug":"who-we-are","status":"publish","type":"page","link":"https:\/\/verticeconsultoria.com.br\/en\/who-we-are\/","title":{"rendered":"Who we are"},"content":{"rendered":"\t\t<div data-elementor-type=\"wp-page\" data-elementor-id=\"528\" class=\"elementor elementor-528 elementor-52\">\n\t\t\t\t\t\t\t\t\t<section class=\"elementor-section elementor-top-section elementor-element elementor-element-de21a87 elementor-section-full_width banner elementor-section-height-default elementor-section-height-default elementor-invisible\" data-id=\"de21a87\" data-element_type=\"section\" data-settings=\"{&quot;animation&quot;:&quot;fadeIn&quot;}\">\n\t\t\t\t\t\t<div class=\"elementor-container elementor-column-gap-no\">\n\t\t\t\t\t<div class=\"elementor-column elementor-col-100 elementor-top-column elementor-element elementor-element-be11f9d\" data-id=\"be11f9d\" data-element_type=\"column\">\n\t\t\t<div class=\"elementor-widget-wrap elementor-element-populated\">\n\t\t\t\t\t\t\t\t<div class=\"elementor-element elementor-element-e23e4d0 elementor-widget elementor-widget-image\" data-id=\"e23e4d0\" data-element_type=\"widget\" data-widget_type=\"image.default\">\n\t\t\t\t<div class=\"elementor-widget-container\">\n\t\t\t\t\t\t\t\t\t\t\t\t\t\t\t<img loading=\"lazy\" decoding=\"async\" width=\"1250\" height=\"739\" src=\"https:\/\/verticeconsultoria.com.br\/wp-content\/uploads\/2021\/05\/banner-equipe.png\" class=\"attachment-full size-full wp-image-279\" alt=\"\" srcset=\"https:\/\/verticeconsultoria.com.br\/wp-content\/uploads\/2021\/05\/banner-equipe.png 1250w, https:\/\/verticeconsultoria.com.br\/wp-content\/uploads\/2021\/05\/banner-equipe-300x177.png 300w, https:\/\/verticeconsultoria.com.br\/wp-content\/uploads\/2021\/05\/banner-equipe-1024x605.png 1024w, https:\/\/verticeconsultoria.com.br\/wp-content\/uploads\/2021\/05\/banner-equipe-768x454.png 768w\" sizes=\"auto, (max-width: 1250px) 100vw, 1250px\" \/>\t\t\t\t\t\t\t\t\t\t\t\t\t\t\t<\/div>\n\t\t\t\t<\/div>\n\t\t\t\t\t<\/div>\n\t\t<\/div>\n\t\t\t\t\t\t\t<\/div>\n\t\t<\/section>\n\t\t\t\t<section class=\"elementor-section elementor-top-section elementor-element elementor-element-39a2772 elementor-section-height-min-height banner elementor-section-boxed elementor-section-height-default elementor-section-items-middle\" data-id=\"39a2772\" data-element_type=\"section\">\n\t\t\t\t\t\t<div class=\"elementor-container elementor-column-gap-default\">\n\t\t\t\t\t<div class=\"elementor-column elementor-col-100 elementor-top-column elementor-element elementor-element-379005c\" data-id=\"379005c\" data-element_type=\"column\" data-settings=\"{&quot;background_background&quot;:&quot;classic&quot;}\">\n\t\t\t<div class=\"elementor-widget-wrap elementor-element-populated\">\n\t\t\t\t\t<div class=\"elementor-background-overlay\"><\/div>\n\t\t\t\t\t\t\t\t<div class=\"elementor-element elementor-element-5d0b36a elementor-invisible elementor-widget elementor-widget-heading\" data-id=\"5d0b36a\" data-element_type=\"widget\" data-settings=\"{&quot;_animation&quot;:&quot;fadeInLeft&quot;}\" data-widget_type=\"heading.default\">\n\t\t\t\t<div class=\"elementor-widget-container\">\n\t\t\t<h2 class=\"elementor-heading-title elementor-size-default\">\/ Who we are<\/h2>\t\t<\/div>\n\t\t\t\t<\/div>\n\t\t\t\t<div class=\"elementor-element elementor-element-f9b6a92 elementor-invisible elementor-widget elementor-widget-text-editor\" data-id=\"f9b6a92\" data-element_type=\"widget\" data-settings=\"{&quot;_animation&quot;:&quot;fadeInLeft&quot;}\" data-widget_type=\"text-editor.default\">\n\t\t\t\t<div class=\"elementor-widget-container\">\n\t\t\t\t\t\t\t<p class=\"font_8\"><span class=\"color_16\">V\u00e9rtice has a quality team of professionals who have graduated from leading academic institutions and have acquired experience in major companies. <\/span><span class=\"color_15\"><span class=\"color_16\">With our streamlined business structure, we can provide a service that sets us apart within the auditing and consultancy market, yielding excellent productivity and benefits for our clients.<\/span><\/span><\/p>\t\t\t\t\t\t<\/div>\n\t\t\t\t<\/div>\n\t\t\t\t<div class=\"elementor-element elementor-element-f525cca elementor-absolute elementor-widget elementor-widget-image\" data-id=\"f525cca\" data-element_type=\"widget\" data-settings=\"{&quot;_position&quot;:&quot;absolute&quot;}\" data-widget_type=\"image.default\">\n\t\t\t\t<div class=\"elementor-widget-container\">\n\t\t\t\t\t\t\t\t\t\t\t\t\t\t\t<img loading=\"lazy\" decoding=\"async\" width=\"72\" height=\"30\" src=\"https:\/\/verticeconsultoria.com.br\/wp-content\/uploads\/2021\/05\/bgLaranja.png\" class=\"attachment-large size-large wp-image-144\" alt=\"\" \/>\t\t\t\t\t\t\t\t\t\t\t\t\t\t\t<\/div>\n\t\t\t\t<\/div>\n\t\t\t\t\t<\/div>\n\t\t<\/div>\n\t\t\t\t\t\t\t<\/div>\n\t\t<\/section>\n\t\t\t\t<section class=\"elementor-section elementor-top-section elementor-element elementor-element-8a48cfb elementor-section-boxed elementor-section-height-default elementor-section-height-default elementor-invisible\" data-id=\"8a48cfb\" data-element_type=\"section\" data-settings=\"{&quot;animation&quot;:&quot;fadeIn&quot;}\">\n\t\t\t\t\t\t<div class=\"elementor-container elementor-column-gap-default\">\n\t\t\t\t\t<div class=\"elementor-column elementor-col-100 elementor-top-column elementor-element elementor-element-e265eff\" data-id=\"e265eff\" data-element_type=\"column\">\n\t\t\t<div class=\"elementor-widget-wrap elementor-element-populated\">\n\t\t\t\t\t\t\t\t<div class=\"elementor-element elementor-element-5507061 texto elementor-widget elementor-widget-text-editor\" data-id=\"5507061\" data-element_type=\"widget\" data-widget_type=\"text-editor.default\">\n\t\t\t\t<div class=\"elementor-widget-container\">\n\t\t\t\t\t\t\t<p>Below are brief r\u00e9sum\u00e9s of our chief executives, who make it their business to assure the high standards of quality and service at V\u00e9rtice.<\/p>\t\t\t\t\t\t<\/div>\n\t\t\t\t<\/div>\n\t\t\t\t\t<\/div>\n\t\t<\/div>\n\t\t\t\t\t\t\t<\/div>\n\t\t<\/section>\n\t\t\t\t<section class=\"elementor-section elementor-top-section elementor-element elementor-element-8c540ea elementor-section-boxed elementor-section-height-default elementor-section-height-default elementor-invisible\" data-id=\"8c540ea\" data-element_type=\"section\" data-settings=\"{&quot;animation&quot;:&quot;fadeIn&quot;}\">\n\t\t\t\t\t\t<div class=\"elementor-container elementor-column-gap-default\">\n\t\t\t\t\t<div class=\"elementor-column elementor-col-33 elementor-top-column elementor-element elementor-element-bcfbd3e\" data-id=\"bcfbd3e\" data-element_type=\"column\">\n\t\t\t<div class=\"elementor-widget-wrap elementor-element-populated\">\n\t\t\t\t\t\t\t\t<div class=\"elementor-element elementor-element-88fa261 elementor-widget elementor-widget-image\" data-id=\"88fa261\" data-element_type=\"widget\" data-widget_type=\"image.default\">\n\t\t\t\t<div class=\"elementor-widget-container\">\n\t\t\t\t\t\t\t\t\t\t\t\t\t\t\t<img loading=\"lazy\" decoding=\"async\" width=\"306\" height=\"309\" src=\"https:\/\/verticeconsultoria.com.br\/wp-content\/uploads\/2021\/07\/anderson-mascouto.jpg\" class=\"attachment-large size-large wp-image-680\" alt=\"\" srcset=\"https:\/\/verticeconsultoria.com.br\/wp-content\/uploads\/2021\/07\/anderson-mascouto.jpg 306w, https:\/\/verticeconsultoria.com.br\/wp-content\/uploads\/2021\/07\/anderson-mascouto-297x300.jpg 297w, https:\/\/verticeconsultoria.com.br\/wp-content\/uploads\/2021\/07\/anderson-mascouto-150x150.jpg 150w\" sizes=\"auto, (max-width: 306px) 100vw, 306px\" \/>\t\t\t\t\t\t\t\t\t\t\t\t\t\t\t<\/div>\n\t\t\t\t<\/div>\n\t\t\t\t<div class=\"elementor-element elementor-element-59b1d1e texto elementor-widget elementor-widget-text-editor\" data-id=\"59b1d1e\" data-element_type=\"widget\" data-widget_type=\"text-editor.default\">\n\t\t\t\t<div class=\"elementor-widget-container\">\n\t\t\t\t\t\t\t<p><strong style=\"color: var( --e-global-color-text );\">\u00a0<\/strong><\/p><p><strong style=\"color: var( --e-global-color-text );\">Anderson Mascouto<\/strong><\/p><p class=\"font_8\"><span class=\"color_11\">Holds a degree in Accounting and a post-graduate certificate in Financial Administration from the Get\u00falio Vargas Foundation.<\/span><\/p><p class=\"font_8\"><span class=\"color_11\">Since the start of his career in consultancy and auditing in 1990, he has held the post of Manager at Arthur Andersen, Rio de Janeiro, and Financial Controller of the BFFC fast food chain.<\/span><\/p><p class=\"font_8\"><span class=\"color_11\">Specialized in auditing of financial statements and international accounting, he has taken part in a number of courses in the area in Brazil and abroad, both as participant and as instructor. He has also taught Managerial Accounting and Balance Sheet Analysis at the Get\u00falio Vargas Foundation.<\/span><\/p>\t\t\t\t\t\t<\/div>\n\t\t\t\t<\/div>\n\t\t\t\t\t<\/div>\n\t\t<\/div>\n\t\t\t\t<div class=\"elementor-column elementor-col-33 elementor-top-column elementor-element elementor-element-7566959\" data-id=\"7566959\" data-element_type=\"column\">\n\t\t\t<div class=\"elementor-widget-wrap elementor-element-populated\">\n\t\t\t\t\t\t\t\t<div class=\"elementor-element elementor-element-6ab2cff elementor-widget elementor-widget-image\" data-id=\"6ab2cff\" data-element_type=\"widget\" data-widget_type=\"image.default\">\n\t\t\t\t<div class=\"elementor-widget-container\">\n\t\t\t\t\t\t\t\t\t\t\t\t\t\t\t<img loading=\"lazy\" decoding=\"async\" width=\"305\" height=\"309\" src=\"https:\/\/verticeconsultoria.com.br\/wp-content\/uploads\/2021\/07\/marco-antonio.jpg\" class=\"attachment-large size-large wp-image-682\" alt=\"\" srcset=\"https:\/\/verticeconsultoria.com.br\/wp-content\/uploads\/2021\/07\/marco-antonio.jpg 305w, https:\/\/verticeconsultoria.com.br\/wp-content\/uploads\/2021\/07\/marco-antonio-296x300.jpg 296w\" sizes=\"auto, (max-width: 305px) 100vw, 305px\" \/>\t\t\t\t\t\t\t\t\t\t\t\t\t\t\t<\/div>\n\t\t\t\t<\/div>\n\t\t\t\t<div class=\"elementor-element elementor-element-e2a8dae texto elementor-widget elementor-widget-text-editor\" data-id=\"e2a8dae\" data-element_type=\"widget\" data-widget_type=\"text-editor.default\">\n\t\t\t\t<div class=\"elementor-widget-container\">\n\t\t\t\t\t\t\t<p>\u00a0<\/p><p><strong>Marco Ant\u00f4nio Velozo<\/strong><\/p><p class=\"font_8\"><span class=\"color_11\">Holds a degree in Economics and Accounting and an MBA in Corporate Finance from IBMEC.<\/span>\u200b<\/p><p class=\"font_8\"><span class=\"color_11\">He started his career in consultancy and auditing in 1989, and has also taught Managerial Accounting and Balance Sheet Analysis at the Get\u00falio Vargas Foundation.<\/span><\/p><p class=\"font_8\"><span class=\"color_11\">Specialized in manufacturing and entertainment companies, he has taken part in a number of courses in the area in Brazil and abroad, both as participant and as instructor. Before V\u00e9rtice, he held the post of Auditing Manager at Arthur Andersen, Rio de Janeiro.<\/span><\/p>\t\t\t\t\t\t<\/div>\n\t\t\t\t<\/div>\n\t\t\t\t\t<\/div>\n\t\t<\/div>\n\t\t\t\t<div class=\"elementor-column elementor-col-33 elementor-top-column elementor-element elementor-element-989e1e4\" data-id=\"989e1e4\" data-element_type=\"column\">\n\t\t\t<div class=\"elementor-widget-wrap elementor-element-populated\">\n\t\t\t\t\t\t\t\t<div class=\"elementor-element elementor-element-bca2b60 elementor-widget elementor-widget-image\" data-id=\"bca2b60\" data-element_type=\"widget\" data-widget_type=\"image.default\">\n\t\t\t\t<div class=\"elementor-widget-container\">\n\t\t\t\t\t\t\t\t\t\t\t\t\t\t\t<img loading=\"lazy\" decoding=\"async\" width=\"306\" height=\"309\" src=\"https:\/\/verticeconsultoria.com.br\/wp-content\/uploads\/2021\/07\/rodrigo-batista.jpg\" class=\"attachment-large size-large wp-image-684\" alt=\"\" srcset=\"https:\/\/verticeconsultoria.com.br\/wp-content\/uploads\/2021\/07\/rodrigo-batista.jpg 306w, https:\/\/verticeconsultoria.com.br\/wp-content\/uploads\/2021\/07\/rodrigo-batista-297x300.jpg 297w, https:\/\/verticeconsultoria.com.br\/wp-content\/uploads\/2021\/07\/rodrigo-batista-150x150.jpg 150w\" sizes=\"auto, (max-width: 306px) 100vw, 306px\" \/>\t\t\t\t\t\t\t\t\t\t\t\t\t\t\t<\/div>\n\t\t\t\t<\/div>\n\t\t\t\t<div class=\"elementor-element elementor-element-7d5a2a9 texto elementor-widget elementor-widget-text-editor\" data-id=\"7d5a2a9\" data-element_type=\"widget\" data-widget_type=\"text-editor.default\">\n\t\t\t\t<div class=\"elementor-widget-container\">\n\t\t\t\t\t\t\t<p>\u00a0<\/p><p><strong>Rodrigo Andrade<\/strong><\/p><p>Holds a degree in Economics and Accounting Sciences, with a Master&#8217;s degree in Auditing from URJC in Madrid.<\/p><p>Since 2005, I have been working in the areas of consulting and auditing, serving as a financial manager for two years at the Swiss technological consulting firm, Amaris.<\/p><div class=\"group w-full text-gray-800 dark:text-gray-100 border-b border-black\/10 dark:border-gray-900\/50 bg-gray-50 dark:bg-[#444654]\"><div class=\"flex p-4 gap-4 text-base md:gap-6 md:max-w-2xl lg:max-w-[38rem] xl:max-w-3xl md:py-6 lg:px-0 m-auto\"><div class=\"relative flex w-[calc(100%-50px)] flex-col gap-1 md:gap-3 lg:w-[calc(100%-115px)]\"><div class=\"flex flex-grow flex-col gap-3\"><div class=\"min-h-[20px] flex items-start overflow-x-auto whitespace-pre-wrap break-words flex-col gap-4\"><div class=\"markdown prose w-full break-words dark:prose-invert light\"><p>Specialized in valuation techniques, accounting auditing, and international accounting.<\/p><\/div><\/div><\/div><\/div><\/div><\/div>\t\t\t\t\t\t<\/div>\n\t\t\t\t<\/div>\n\t\t\t\t\t<\/div>\n\t\t<\/div>\n\t\t\t\t\t\t\t<\/div>\n\t\t<\/section>\n\t\t\t\t\t\t\t<\/div>\n\t\t","protected":false},"excerpt":{"rendered":"<p>\/ Who we are V\u00e9rtice has a quality team of professionals who have graduated from leading academic institutions and have acquired experience in major companies. With our streamlined business structure, we can provide a service that sets us apart within the auditing and consultancy market, yielding excellent productivity and benefits for our clients. Below are [&hellip;]<\/p>\n","protected":false},"author":1,"featured_media":0,"parent":0,"menu_order":0,"comment_status":"closed","ping_status":"closed","template":"","meta":{"footnotes":""},"class_list":["post-528","page","type-page","status-publish","hentry"],"_links":{"self":[{"href":"https:\/\/verticeconsultoria.com.br\/en\/wp-json\/wp\/v2\/pages\/528","targetHints":{"allow":["GET"]}}],"collection":[{"href":"https:\/\/verticeconsultoria.com.br\/en\/wp-json\/wp\/v2\/pages"}],"about":[{"href":"https:\/\/verticeconsultoria.com.br\/en\/wp-json\/wp\/v2\/types\/page"}],"author":[{"embeddable":true,"href":"https:\/\/verticeconsultoria.com.br\/en\/wp-json\/wp\/v2\/users\/1"}],"replies":[{"embeddable":true,"href":"https:\/\/verticeconsultoria.com.br\/en\/wp-json\/wp\/v2\/comments?post=528"}],"version-history":[{"count":16,"href":"https:\/\/verticeconsultoria.com.br\/en\/wp-json\/wp\/v2\/pages\/528\/revisions"}],"predecessor-version":[{"id":883,"href":"https:\/\/verticeconsultoria.com.br\/en\/wp-json\/wp\/v2\/pages\/528\/revisions\/883"}],"wp:attachment":[{"href":"https:\/\/verticeconsultoria.com.br\/en\/wp-json\/wp\/v2\/media?parent=528"}],"curies":[{"name":"wp","href":"https:\/\/api.w.org\/{rel}","templated":true}]}}