{"id":547,"date":"2021-05-10T12:56:26","date_gmt":"2021-05-10T12:56:26","guid":{"rendered":"https:\/\/verticeconsultoria.com.br\/?page_id=547"},"modified":"2023-08-07T15:28:15","modified_gmt":"2023-08-07T15:28:15","slug":"clients","status":"publish","type":"page","link":"https:\/\/verticeconsultoria.com.br\/en\/clients\/","title":{"rendered":"Clients"},"content":{"rendered":"\t\t<div data-elementor-type=\"wp-page\" data-elementor-id=\"547\" class=\"elementor elementor-547 elementor-54\">\n\t\t\t\t\t\t\t\t\t<section class=\"elementor-section elementor-top-section elementor-element elementor-element-d902555 elementor-section-full_width banner elementor-section-height-default elementor-section-height-default elementor-invisible\" data-id=\"d902555\" data-element_type=\"section\" data-settings=\"{&quot;animation&quot;:&quot;fadeIn&quot;}\">\n\t\t\t\t\t\t<div class=\"elementor-container elementor-column-gap-no\">\n\t\t\t\t\t<div class=\"elementor-column elementor-col-100 elementor-top-column elementor-element elementor-element-b9c421d\" data-id=\"b9c421d\" data-element_type=\"column\">\n\t\t\t<div class=\"elementor-widget-wrap elementor-element-populated\">\n\t\t\t\t\t\t\t\t<div class=\"elementor-element elementor-element-1a70daf elementor-widget elementor-widget-image\" data-id=\"1a70daf\" data-element_type=\"widget\" data-widget_type=\"image.default\">\n\t\t\t\t<div class=\"elementor-widget-container\">\n\t\t\t\t\t\t\t\t\t\t\t\t\t\t\t<img loading=\"lazy\" decoding=\"async\" width=\"1250\" height=\"648\" src=\"https:\/\/verticeconsultoria.com.br\/wp-content\/uploads\/2021\/05\/banner-clientes.png\" class=\"attachment-full size-full wp-image-243\" alt=\"\" srcset=\"https:\/\/verticeconsultoria.com.br\/wp-content\/uploads\/2021\/05\/banner-clientes.png 1250w, https:\/\/verticeconsultoria.com.br\/wp-content\/uploads\/2021\/05\/banner-clientes-300x156.png 300w, https:\/\/verticeconsultoria.com.br\/wp-content\/uploads\/2021\/05\/banner-clientes-1024x531.png 1024w, https:\/\/verticeconsultoria.com.br\/wp-content\/uploads\/2021\/05\/banner-clientes-768x398.png 768w\" sizes=\"auto, (max-width: 1250px) 100vw, 1250px\" \/>\t\t\t\t\t\t\t\t\t\t\t\t\t\t\t<\/div>\n\t\t\t\t<\/div>\n\t\t\t\t\t<\/div>\n\t\t<\/div>\n\t\t\t\t\t\t\t<\/div>\n\t\t<\/section>\n\t\t\t\t<section class=\"elementor-section elementor-top-section elementor-element elementor-element-be7dfae elementor-section-height-min-height elementor-section-boxed elementor-section-height-default elementor-section-items-middle\" data-id=\"be7dfae\" data-element_type=\"section\">\n\t\t\t\t\t\t<div class=\"elementor-container elementor-column-gap-default\">\n\t\t\t\t\t<div class=\"elementor-column elementor-col-100 elementor-top-column elementor-element elementor-element-c1468f5\" data-id=\"c1468f5\" data-element_type=\"column\" data-settings=\"{&quot;background_background&quot;:&quot;classic&quot;}\">\n\t\t\t<div class=\"elementor-widget-wrap elementor-element-populated\">\n\t\t\t\t\t<div class=\"elementor-background-overlay\"><\/div>\n\t\t\t\t\t\t\t\t<div class=\"elementor-element elementor-element-2d715aa elementor-invisible elementor-widget elementor-widget-heading\" data-id=\"2d715aa\" data-element_type=\"widget\" data-settings=\"{&quot;_animation&quot;:&quot;fadeInLeft&quot;}\" data-widget_type=\"heading.default\">\n\t\t\t\t<div class=\"elementor-widget-container\">\n\t\t\t<h2 class=\"elementor-heading-title elementor-size-default\">\/ Clients<\/h2>\t\t<\/div>\n\t\t\t\t<\/div>\n\t\t\t\t<div class=\"elementor-element elementor-element-0f90db4 elementor-absolute elementor-widget elementor-widget-image\" data-id=\"0f90db4\" data-element_type=\"widget\" data-settings=\"{&quot;_position&quot;:&quot;absolute&quot;}\" data-widget_type=\"image.default\">\n\t\t\t\t<div class=\"elementor-widget-container\">\n\t\t\t\t\t\t\t\t\t\t\t\t\t\t\t<img loading=\"lazy\" decoding=\"async\" width=\"72\" height=\"30\" src=\"https:\/\/verticeconsultoria.com.br\/wp-content\/uploads\/2021\/05\/bgLaranja.png\" class=\"attachment-large size-large wp-image-144\" alt=\"\" \/>\t\t\t\t\t\t\t\t\t\t\t\t\t\t\t<\/div>\n\t\t\t\t<\/div>\n\t\t\t\t\t<\/div>\n\t\t<\/div>\n\t\t\t\t\t\t\t<\/div>\n\t\t<\/section>\n\t\t\t\t<section class=\"elementor-section elementor-top-section elementor-element elementor-element-4557919 elementor-section-boxed elementor-section-height-default elementor-section-height-default elementor-invisible\" data-id=\"4557919\" data-element_type=\"section\" data-settings=\"{&quot;animation&quot;:&quot;fadeIn&quot;}\">\n\t\t\t\t\t\t<div class=\"elementor-container elementor-column-gap-default\">\n\t\t\t\t\t<div class=\"elementor-column elementor-col-33 elementor-top-column elementor-element elementor-element-24861dc\" data-id=\"24861dc\" data-element_type=\"column\">\n\t\t\t<div class=\"elementor-widget-wrap elementor-element-populated\">\n\t\t\t\t\t\t\t\t<div class=\"elementor-element elementor-element-bc37005 elementor-widget elementor-widget-text-editor\" data-id=\"bc37005\" data-element_type=\"widget\" data-widget_type=\"text-editor.default\">\n\t\t\t\t<div class=\"elementor-widget-container\">\n\t\t\t\t\t\t\t<p><span style=\"color: #ed4b23;\">RESTAURANT CHAINS<br \/><\/span>Brazil Fast Food Corp (Bob\u2019s, KFC, Pizza Hut, Doggis e Yoggi)<br \/>Burger King Brasil<br \/>Coca-Cola<br \/>La Mole<\/p>\t\t\t\t\t\t<\/div>\n\t\t\t\t<\/div>\n\t\t\t\t<div class=\"elementor-element elementor-element-2fe5caf elementor-widget elementor-widget-text-editor\" data-id=\"2fe5caf\" data-element_type=\"widget\" data-widget_type=\"text-editor.default\">\n\t\t\t\t<div class=\"elementor-widget-container\">\n\t\t\t\t\t\t\t<p><span style=\"color: #ed4b23;\">LAW FIRMS<br \/><\/span>Basilio Advogados <br \/>Campos Mello Advogados <br \/>ClarkeModet Brasil <br \/>Derraik &amp; Menezes Advogados<br \/>Lobo &amp; Lira Advogados <br \/>Luiz Leonardos Advogados<br \/>Ulh\u00f4a Canto, Rezende e Guerra Advogados <br \/>Veirano Advogados<\/p>\t\t\t\t\t\t<\/div>\n\t\t\t\t<\/div>\n\t\t\t\t<div class=\"elementor-element elementor-element-9a4eb22 elementor-widget elementor-widget-text-editor\" data-id=\"9a4eb22\" data-element_type=\"widget\" data-widget_type=\"text-editor.default\">\n\t\t\t\t<div class=\"elementor-widget-container\">\n\t\t\t\t\t\t\t<p><span style=\"color: #ed4b23;\">HOLDING COMPANIES\u200b\u200b\u200b\u200b\u200b\u200b\u200b\u200b\u200b\u200b\u200b\u200b\u200b\u200b\u200b\u200b\u200b\u200b\u200b\u200b\u200b\u200b\u200b\u200b\u200b\u200b\u200b\u200b\u200b\u200b\u200b\u200b\u200b<br \/><\/span>Ampla Energia e Servi\u00e7os<br \/>G\u00e1s Natural Fenosa \u2013 CEG<br \/>Companhia Estadual de Energia El\u00e9trica \u2013 CEEE<br \/>EDP<br \/>\u200bLight<br \/>QGI Brasil<\/p>\t\t\t\t\t\t<\/div>\n\t\t\t\t<\/div>\n\t\t\t\t<div class=\"elementor-element elementor-element-efa4967 elementor-widget elementor-widget-text-editor\" data-id=\"efa4967\" data-element_type=\"widget\" data-widget_type=\"text-editor.default\">\n\t\t\t\t<div class=\"elementor-widget-container\">\n\t\t\t\t\t\t\t<p><span style=\"color: #ed4b23;\">PARTICIPATIONS AND FINANCIAL SERVICES\u200b\u200b\u200b\u200b\u200b\u200b\u200b\u200b\u200b\u200b\u200b\u200b\u200b\u200b\u200b\u200b\u200b\u200b\u200b\u200b\u200b\u200b\u200b\u200b\u200b\u200b\u200b\u200b\u200b\u200b\u200b\u200b\u200b<\/span><br \/>Banco Arbi <br \/>Banco Modal <br \/>BTG Pactual <br \/>DOTZ <br \/>H.I.G Capital<br \/>Invepar <br \/>Mercado Bitcoin <br \/>Pollux Capital <br \/>Superbid Brasil <br \/>Vinci Partners<\/p>\t\t\t\t\t\t<\/div>\n\t\t\t\t<\/div>\n\t\t\t\t\t<\/div>\n\t\t<\/div>\n\t\t\t\t<div class=\"elementor-column elementor-col-33 elementor-top-column elementor-element elementor-element-d922e63\" data-id=\"d922e63\" data-element_type=\"column\">\n\t\t\t<div class=\"elementor-widget-wrap elementor-element-populated\">\n\t\t\t\t\t\t\t\t<div class=\"elementor-element elementor-element-b621ece elementor-widget elementor-widget-text-editor\" data-id=\"b621ece\" data-element_type=\"widget\" data-widget_type=\"text-editor.default\">\n\t\t\t\t<div class=\"elementor-widget-container\">\n\t\t\t\t\t\t\t<p><span style=\"color: #ed4b23;\"> MANUFACTORING <\/span><br \/>Barudan <br \/>Bombril <br \/>Carl Zeiss <br \/>Copelmi Minera\u00e7\u00e3o <br \/>Ferreira International <br \/>Grupo De Moda Soma SA <br \/>Inbrands <br \/>Manser <br \/>NHJ do Brasil Container<br \/>Pepsito do Brasil <br \/>Tecumseh do Brasil<br \/>Unilever<br \/>ZEIZZ<\/p>\t\t\t\t\t\t<\/div>\n\t\t\t\t<\/div>\n\t\t\t\t<div class=\"elementor-element elementor-element-53f8266 elementor-widget elementor-widget-text-editor\" data-id=\"53f8266\" data-element_type=\"widget\" data-widget_type=\"text-editor.default\">\n\t\t\t\t<div class=\"elementor-widget-container\">\n\t\t\t\t\t\t\t<p><span style=\"color: #ed4b23;\">OIL &amp; GAS\u200b\u200b\u200b\u200b\u200b\u200b\u200b\u200b\u200b\u200b\u200b\u200b\u200b\u200b\u200b\u200b\u200b\u200b\u200b\u200b\u200b\u200b\u200b\u200b\u200b\u200b\u200b\u200b\u200b\u200b\u200b\u200b\u200b\u200b\u200b\u200b\u200b\u200b\u200b\u200b\u200b<br \/><\/span>Bram Offshore Transportes Mar\u00edtimos<br \/>Bravante<br \/>British Gas do Brasil<br \/>Cybra Brasil Navega\u00e7\u00e3o<br \/>Estaleiro Navship<br \/>Grupo Bravante<br \/>Norsafe Servi\u00e7os T\u00e9cnicos de Petr\u00f3leo<br \/>Oceanpact Servicos Maritimos<br \/>Oceaneering<br \/>Petrobr\u00e1s<br \/>Quip<br \/>Seadrill<br \/>Sevan Marine<br \/>Shell Brasil<br \/>Transocean \u200b<br \/>Tidewater<\/p>\t\t\t\t\t\t<\/div>\n\t\t\t\t<\/div>\n\t\t\t\t<div class=\"elementor-element elementor-element-3de688b elementor-widget elementor-widget-text-editor\" data-id=\"3de688b\" data-element_type=\"widget\" data-widget_type=\"text-editor.default\">\n\t\t\t\t<div class=\"elementor-widget-container\">\n\t\t\t\t\t\t\t<p><span style=\"color: #ed4b23;\">ENTERTAINMENT<\/span><br \/>Conspira\u00e7\u00e3o Filmes <br \/>Diler &amp; Associados<br \/>Sony Music<br \/>Universal Music<\/p>\t\t\t\t\t\t<\/div>\n\t\t\t\t<\/div>\n\t\t\t\t\t<\/div>\n\t\t<\/div>\n\t\t\t\t<div class=\"elementor-column elementor-col-33 elementor-top-column elementor-element elementor-element-674375e\" data-id=\"674375e\" data-element_type=\"column\">\n\t\t\t<div class=\"elementor-widget-wrap elementor-element-populated\">\n\t\t\t\t\t\t\t\t<div class=\"elementor-element elementor-element-097b886 elementor-widget elementor-widget-text-editor\" data-id=\"097b886\" data-element_type=\"widget\" data-widget_type=\"text-editor.default\">\n\t\t\t\t<div class=\"elementor-widget-container\">\n\t\t\t\t\t\t\t<p><span style=\"color: #ed4b23;\">EDUCATION<\/span><br \/>Col\u00e9gio Andrews <br \/>Descomplica Cursos Livres<br \/>Elite Rede de Ensino<br \/>Espa\u00e7o Aberto Escola<br \/>IBEU \u2013 Cursos de Ingl\u00eas<br \/>Master Juris Professores e Associados<br \/>OLM \u2013 Our Lady of Mercy School<br \/>Vitamina Brasil<br \/>Wiser Educa\u00e7\u00e3o<\/p>\t\t\t\t\t\t<\/div>\n\t\t\t\t<\/div>\n\t\t\t\t<div class=\"elementor-element elementor-element-1890b7e elementor-widget elementor-widget-text-editor\" data-id=\"1890b7e\" data-element_type=\"widget\" data-widget_type=\"text-editor.default\">\n\t\t\t\t<div class=\"elementor-widget-container\">\n\t\t\t\t\t\t\t<p><span style=\"color: #ed4b23;\"> SERVICES\u200b\u200b\u200b\u200b\u200b\u200b\u200b\u200b\u200b\u200b\u200b\u200b<br \/><\/span>AMOCO<br \/>APPEX<br \/>Bozano Educa\u00e7\u00e3o<br \/>CEDOA<br \/>Condom\u00ednio Sing Hills<br \/>Cores Educa\u00e7\u00e3o Infantil<br \/>Cl\u00ednica da G\u00e1vea<br \/>Cl\u00ednica Wajnberg<br \/>Concession\u00e1ria Rodovias do Tiet\u00ea<br \/>DISTRITO<br \/>Drogaria Santa Maria<br \/>Estrutura Brasileira de Projetos \u2013 EBP<br \/>Equipav S.A. Pavimenta\u00e7\u00e3o, Engenharia e Com\u00e9rcio<br \/>Figwal Transportes Internacionais<br \/>FUTURE Engenharia<br \/>Francesca Romana Diana<br \/>Gs Plano Global de Sa\u00fade<br \/>Halexistar Ind\u00fastria Farmac\u00eautica<br \/>Jardim de Alah<br \/>Multiplan<br \/>MOVER<br \/>Mr. Cat<br \/>Powertech<br \/>Salus<br \/>Sul Vias<br \/>Sistema Elite de Ensino<br \/>Sheraton<br \/>TIM Brasil<br \/>Trius Capital<br \/>Valid Solu\u00e7\u00f5es<\/p>\t\t\t\t\t\t<\/div>\n\t\t\t\t<\/div>\n\t\t\t\t\t<\/div>\n\t\t<\/div>\n\t\t\t\t\t\t\t<\/div>\n\t\t<\/section>\n\t\t\t\t\t\t\t<\/div>\n\t\t","protected":false},"excerpt":{"rendered":"<p>\/ Clients RESTAURANT CHAINSBrazil Fast Food Corp (Bob\u2019s, KFC, Pizza Hut, Doggis e Yoggi)Burger King BrasilCoca-ColaLa Mole LAW FIRMSBasilio Advogados Campos Mello Advogados ClarkeModet Brasil Derraik &amp; Menezes AdvogadosLobo &amp; Lira Advogados Luiz Leonardos AdvogadosUlh\u00f4a Canto, Rezende e Guerra Advogados Veirano Advogados HOLDING COMPANIES\u200b\u200b\u200b\u200b\u200b\u200b\u200b\u200b\u200b\u200b\u200b\u200b\u200b\u200b\u200b\u200b\u200b\u200b\u200b\u200b\u200b\u200b\u200b\u200b\u200b\u200b\u200b\u200b\u200b\u200b\u200b\u200b\u200bAmpla Energia e Servi\u00e7osG\u00e1s Natural Fenosa \u2013 CEGCompanhia Estadual de Energia El\u00e9trica [&hellip;]<\/p>\n","protected":false},"author":1,"featured_media":0,"parent":0,"menu_order":0,"comment_status":"closed","ping_status":"closed","template":"","meta":{"footnotes":""},"class_list":["post-547","page","type-page","status-publish","hentry"],"_links":{"self":[{"href":"https:\/\/verticeconsultoria.com.br\/en\/wp-json\/wp\/v2\/pages\/547","targetHints":{"allow":["GET"]}}],"collection":[{"href":"https:\/\/verticeconsultoria.com.br\/en\/wp-json\/wp\/v2\/pages"}],"about":[{"href":"https:\/\/verticeconsultoria.com.br\/en\/wp-json\/wp\/v2\/types\/page"}],"author":[{"embeddable":true,"href":"https:\/\/verticeconsultoria.com.br\/en\/wp-json\/wp\/v2\/users\/1"}],"replies":[{"embeddable":true,"href":"https:\/\/verticeconsultoria.com.br\/en\/wp-json\/wp\/v2\/comments?post=547"}],"version-history":[{"count":22,"href":"https:\/\/verticeconsultoria.com.br\/en\/wp-json\/wp\/v2\/pages\/547\/revisions"}],"predecessor-version":[{"id":890,"href":"https:\/\/verticeconsultoria.com.br\/en\/wp-json\/wp\/v2\/pages\/547\/revisions\/890"}],"wp:attachment":[{"href":"https:\/\/verticeconsultoria.com.br\/en\/wp-json\/wp\/v2\/media?parent=547"}],"curies":[{"name":"wp","href":"https:\/\/api.w.org\/{rel}","templated":true}]}}